{"id":66,"date":"2026-02-08T18:01:02","date_gmt":"2026-02-08T18:01:02","guid":{"rendered":"https:\/\/ornoircanada.com\/?page_id=66"},"modified":"2026-02-09T02:30:16","modified_gmt":"2026-02-09T02:30:16","slug":"durabilite","status":"publish","type":"page","link":"https:\/\/ornoircanada.com\/?page_id=66","title":{"rendered":"Durabilit\u00e9"},"content":{"rendered":"<p><img loading=\"lazy\" decoding=\"async\" class=\"alignnone wp-image-79\" src=\"https:\/\/ornoircanada.com\/wp-content\/uploads\/2026\/02\/GRzYHRracAIj0ve.jpg\" alt=\"\" width=\"523\" height=\"334\" srcset=\"https:\/\/ornoircanada.com\/wp-content\/uploads\/2026\/02\/GRzYHRracAIj0ve.jpg 740w, https:\/\/ornoircanada.com\/wp-content\/uploads\/2026\/02\/GRzYHRracAIj0ve-300x191.jpg 300w\" sizes=\"auto, (max-width: 523px) 100vw, 523px\" \/><\/p>\n<p>&nbsp;<\/p>\n<p><strong>Un probl\u00e8me qui m\u00e9rite d&rsquo;\u00eatre r\u00e9solu<\/strong><\/p>\n<p>L&rsquo;industrie du cacao est actuellement confront\u00e9e \u00e0 une s\u00e9rie de d\u00e9fis interconnect\u00e9s qui impactent significativement les petits exploitants agricoles, les chocolatiers artisanaux et les consommateurs soucieux de leur sant\u00e9. Ces enjeux soulignent l&rsquo;urgence de trouver des solutions innovantes favorisant la durabilit\u00e9 et les pratiques \u00e9thiques au sein de la cha\u00eene d&rsquo;approvisionnement du cacao. L&rsquo;un des probl\u00e8mes les plus urgents est le manque de durabilit\u00e9 de la production de cacao. De nombreux exploitants agricoles op\u00e8rent dans des conditions qui limitent leur rentabilit\u00e9 et leur durabilit\u00e9 en raison de :<\/p>\n<p>Faibles marges b\u00e9n\u00e9ficiaires : les agriculteurs re\u00e7oivent souvent une r\u00e9mun\u00e9ration minimale pour leurs f\u00e8ves de cacao, ce qui est aggrav\u00e9 par une cha\u00eene d\u2019approvisionnement complexe qui entra\u00eene des marges substantielles de la part des interm\u00e9diaires.<br \/>\nPratiques contraires \u00e0 l\u2019\u00e9thique et \u00e0 la morale : L\u2019industrie traditionnelle du cacao se livre fr\u00e9quemment \u00e0 des pratiques qui ne privil\u00e9gient pas le commerce \u00e9quitable, ce qui entra\u00eene de mauvaises conditions de vie pour les agriculteurs.<br \/>\nPr\u00e9occupations environnementales : les m\u00e9thodes agricoles conventionnelles contribuent \u00e0 la d\u00e9forestation, \u00e0 la perte de biodiversit\u00e9 et \u00e0 la d\u00e9gradation des sols, mettant davantage en p\u00e9ril les moyens de subsistance des producteurs de cacao.<br \/>\nOutre les d\u00e9fis auxquels sont confront\u00e9s les producteurs, les chocolatiers artisanaux rencontrent des obstacles importants li\u00e9s \u00e0 l\u2019approvisionnement en ingr\u00e9dients de haute qualit\u00e9 :<br \/>\nManque d\u2019acc\u00e8s au cacao de qualit\u00e9 sup\u00e9rieure : les artisans ont du mal \u00e0 trouver des sources fiables de produits de cacao de haute qualit\u00e9 et d\u2019origine \u00e9thique qui r\u00e9pondent \u00e0 leurs exigences sp\u00e9cifiques en mati\u00e8re de saveur et de qualit\u00e9.<br \/>\nM\u00e9thodes de traitement inefficaces : De nombreuses techniques de traitement existantes compromettent la saveur et la valeur nutritionnelle du cacao, limitant ainsi le potentiel d\u2019innovation et de diff\u00e9renciation des produits.<br \/>\nLa demande croissante de produits \u00e0 base de cacao produits de mani\u00e8re \u00e9thique et de haute qualit\u00e9 des consommateurs soucieux de leur sant\u00e9 souligne \u00e9galement une lacune importante sur le march\u00e9 :<br \/>\nSensibilisation accrue des consommateurs : les attentes en mati\u00e8re de transparence dans la cha\u00eene d\u2019approvisionnement alimentaire sont de plus en plus \u00e9lev\u00e9es, mais de nombreux consommateurs ignorent encore l\u2019origine de leurs produits \u00e0 base de cacao.<\/p>\n<p>Vari\u00e9t\u00e9 limit\u00e9e de produits : les consommateurs recherchent des saveurs et des textures uniques qui correspondent \u00e0 leurs pr\u00e9f\u00e9rences, mais les offres actuelles ne parviennent souvent pas \u00e0 r\u00e9pondre \u00e0 ces demandes.<\/p>\n<p>Les r\u00e9percussions de ces probl\u00e8mes sont multiformes et conduisent \u00e0 :<br \/>\nUne instabilit\u00e9 \u00e9conomique : les petits exploitants agricoles ont du mal \u00e0 investir dans leurs exploitations en raison de faibles b\u00e9n\u00e9fices, ce qui entra\u00eene un cycle de pauvret\u00e9 dont il est difficile de sortir.<\/p>\n<p>Une qualit\u00e9 r\u00e9duite des produits : les chocolatiers artisanaux sont confront\u00e9s \u00e0 des obstacles dans la cr\u00e9ation de produits innovants en raison du manque d\u2019acc\u00e8s au cacao de haute qualit\u00e9 et aux techniques de transformation.<\/p>\n<p>Une insatisfaction des consommateurs : les consommateurs soucieux de leur sant\u00e9 se retrouvent sans suffisamment d\u2019options pour des produits de cacao de qualit\u00e9 sup\u00e9rieure et \u00e9thiques qui r\u00e9pondent \u00e0 leurs besoins et \u00e0 leurs valeurs.<br \/>\nRelever ces d\u00e9fis est essentiel non seulement pour la rentabilit\u00e9 de Or Noir Canada, mais aussi pour promouvoir des pratiques commerciales \u00e9quitables et encourager le d\u00e9veloppement durable au sein de la fili\u00e8re cacao. En identifiant ces points sensibles, Or Noir Canada est en mesure de proposer des solutions innovantes qui rapprochent producteurs et consommateurs, transformant ainsi la cha\u00eene d&rsquo;approvisionnement du cacao pour le meilleur.<\/p>\n","protected":false},"excerpt":{"rendered":"<p>&nbsp; Un probl\u00e8me qui m\u00e9rite d&rsquo;\u00eatre r\u00e9solu L&rsquo;industrie du cacao est actuellement confront\u00e9e \u00e0 une s\u00e9rie de d\u00e9fis interconnect\u00e9s qui impactent significativement les petits exploitants agricoles, les chocolatiers artisanaux et les consommateurs soucieux de leur sant\u00e9. Ces enjeux soulignent l&rsquo;urgence<\/p>\n<p><a href=\"https:\/\/ornoircanada.com\/?page_id=66\" class=\"awp-btn awp-btn-secondary awp-btn-bubble\">Continue Reading<span class=\"screen-reader-text\">Durabilit\u00e9<\/span><i class=\"fa fa-arrow-right\"><\/i><span class=\"bubble_effect\"><span class=\"circle top-left\"><\/span><span class=\"circle top-left\"><\/span><span class=\"circle top-left\"><\/span>\t<span class=\"button effect-button\"><\/span><span class=\"circle bottom-right\"><\/span>\t<span class=\"circle bottom-right\"><\/span><span class=\"circle bottom-right\"><\/span><\/span><\/a><\/p>\n","protected":false},"author":1,"featured_media":0,"parent":0,"menu_order":0,"comment_status":"closed","ping_status":"closed","template":"","meta":{"footnotes":""},"class_list":["post-66","page","type-page","status-publish","hentry"],"_links":{"self":[{"href":"https:\/\/ornoircanada.com\/index.php?rest_route=\/wp\/v2\/pages\/66","targetHints":{"allow":["GET"]}}],"collection":[{"href":"https:\/\/ornoircanada.com\/index.php?rest_route=\/wp\/v2\/pages"}],"about":[{"href":"https:\/\/ornoircanada.com\/index.php?rest_route=\/wp\/v2\/types\/page"}],"author":[{"embeddable":true,"href":"https:\/\/ornoircanada.com\/index.php?rest_route=\/wp\/v2\/users\/1"}],"replies":[{"embeddable":true,"href":"https:\/\/ornoircanada.com\/index.php?rest_route=%2Fwp%2Fv2%2Fcomments&post=66"}],"version-history":[{"count":19,"href":"https:\/\/ornoircanada.com\/index.php?rest_route=\/wp\/v2\/pages\/66\/revisions"}],"predecessor-version":[{"id":123,"href":"https:\/\/ornoircanada.com\/index.php?rest_route=\/wp\/v2\/pages\/66\/revisions\/123"}],"wp:attachment":[{"href":"https:\/\/ornoircanada.com\/index.php?rest_route=%2Fwp%2Fv2%2Fmedia&parent=66"}],"curies":[{"name":"wp","href":"https:\/\/api.w.org\/{rel}","templated":true}]}}