{"id":57,"date":"2026-02-08T17:58:27","date_gmt":"2026-02-08T17:58:27","guid":{"rendered":"https:\/\/ornoircanada.com\/?page_id=57"},"modified":"2026-02-09T02:53:03","modified_gmt":"2026-02-09T02:53:03","slug":"notre-equipe-de-collaborateurs","status":"publish","type":"page","link":"https:\/\/ornoircanada.com\/?page_id=57","title":{"rendered":"Facteurs cl\u00e9s de succ\u00e8s"},"content":{"rendered":"<p><img loading=\"lazy\" decoding=\"async\" class=\"alignnone wp-image-126\" src=\"https:\/\/ornoircanada.com\/wp-content\/uploads\/2026\/02\/20230314_120204-1-scaled.png\" alt=\"\" width=\"666\" height=\"774\" srcset=\"https:\/\/ornoircanada.com\/wp-content\/uploads\/2026\/02\/20230314_120204-1-scaled.png 2205w, https:\/\/ornoircanada.com\/wp-content\/uploads\/2026\/02\/20230314_120204-1-258x300.png 258w, https:\/\/ornoircanada.com\/wp-content\/uploads\/2026\/02\/20230314_120204-1-882x1024.png 882w, https:\/\/ornoircanada.com\/wp-content\/uploads\/2026\/02\/20230314_120204-1-768x892.png 768w, https:\/\/ornoircanada.com\/wp-content\/uploads\/2026\/02\/20230314_120204-1-1323x1536.png 1323w, https:\/\/ornoircanada.com\/wp-content\/uploads\/2026\/02\/20230314_120204-1-1764x2048.png 1764w\" sizes=\"auto, (max-width: 666px) 100vw, 666px\" \/><\/p>\n<p>Pour assurer le succ\u00e8s de Or Noir Canada, plusieurs facteurs cl\u00e9s feront progresser l&rsquo;entreprise sur le march\u00e9 concurrentiel de la transformation du cacao :<\/p>\n<p>Produits d\u2019origine \u00e9thique : l\u2019engagement en faveur d\u2019un approvisionnement durable, \u00e9thique respectueux de l\u2019environnement aupr\u00e8s de petits exploitants agricoles certifi\u00e9s, ayant des pratiques responsables renforce la cr\u00e9dibilit\u00e9 de la marque et la confiance des clients.<\/p>\n<p>Gamme de produits diversifi\u00e9e : une large gamme de produits \u00e0 base de cacao de qualit\u00e9 sup\u00e9rieure r\u00e9pond aux diff\u00e9rentes pr\u00e9f\u00e9rences des consommateurs et aux segments de march\u00e9.<\/p>\n<p>Partenariats strat\u00e9giques : Les collaborations avec des chocolatiers artisanaux, des d\u00e9taillants d\u2019aliments sp\u00e9cialis\u00e9s et des entreprises qui exercent dans l\u2019industrie cosm\u00e9tique augmentent la port\u00e9e du march\u00e9 et la visibilit\u00e9 de la marque.<\/p>\n<p>Techniques de traitement innovantes et formation de tout le personnel aux bonnes pratiques d\u2019hygi\u00e8ne et de salubrit\u00e9 alimentaire certifi\u00e9es par le MAPAQ : les m\u00e9thodes avanc\u00e9es visent \u00e0 am\u00e9liorer la qualit\u00e9 des produits et l&rsquo;efficacit\u00e9 op\u00e9rationnelle, distinguant Or Noir Canada de ses concurrents.<\/p>\n<p>Forte pr\u00e9sence en marketing num\u00e9rique : une strat\u00e9gie de marketing en ligne robuste se concentre sur l\u2019engagement des clients et la notori\u00e9t\u00e9 de la marque aupr\u00e8s des consommateurs soucieux de leur sant\u00e9.<\/p>\n","protected":false},"excerpt":{"rendered":"<p>Pour assurer le succ\u00e8s de Or Noir Canada, plusieurs facteurs cl\u00e9s feront progresser l&rsquo;entreprise sur le march\u00e9 concurrentiel de la transformation du cacao : Produits d\u2019origine \u00e9thique : l\u2019engagement en faveur d\u2019un approvisionnement durable, \u00e9thique respectueux de l\u2019environnement aupr\u00e8s de<\/p>\n<p><a href=\"https:\/\/ornoircanada.com\/?page_id=57\" class=\"awp-btn awp-btn-secondary awp-btn-bubble\">Continue Reading<span class=\"screen-reader-text\">Facteurs cl\u00e9s de succ\u00e8s<\/span><i class=\"fa fa-arrow-right\"><\/i><span class=\"bubble_effect\"><span class=\"circle top-left\"><\/span><span class=\"circle top-left\"><\/span><span class=\"circle top-left\"><\/span>\t<span class=\"button effect-button\"><\/span><span class=\"circle bottom-right\"><\/span>\t<span class=\"circle bottom-right\"><\/span><span class=\"circle bottom-right\"><\/span><\/span><\/a><\/p>\n","protected":false},"author":1,"featured_media":0,"parent":0,"menu_order":0,"comment_status":"closed","ping_status":"closed","template":"","meta":{"footnotes":""},"class_list":["post-57","page","type-page","status-publish","hentry"],"_links":{"self":[{"href":"https:\/\/ornoircanada.com\/index.php?rest_route=\/wp\/v2\/pages\/57","targetHints":{"allow":["GET"]}}],"collection":[{"href":"https:\/\/ornoircanada.com\/index.php?rest_route=\/wp\/v2\/pages"}],"about":[{"href":"https:\/\/ornoircanada.com\/index.php?rest_route=\/wp\/v2\/types\/page"}],"author":[{"embeddable":true,"href":"https:\/\/ornoircanada.com\/index.php?rest_route=\/wp\/v2\/users\/1"}],"replies":[{"embeddable":true,"href":"https:\/\/ornoircanada.com\/index.php?rest_route=%2Fwp%2Fv2%2Fcomments&post=57"}],"version-history":[{"count":6,"href":"https:\/\/ornoircanada.com\/index.php?rest_route=\/wp\/v2\/pages\/57\/revisions"}],"predecessor-version":[{"id":130,"href":"https:\/\/ornoircanada.com\/index.php?rest_route=\/wp\/v2\/pages\/57\/revisions\/130"}],"wp:attachment":[{"href":"https:\/\/ornoircanada.com\/index.php?rest_route=%2Fwp%2Fv2%2Fmedia&parent=57"}],"curies":[{"name":"wp","href":"https:\/\/api.w.org\/{rel}","templated":true}]}}