{"id":131,"date":"2026-02-09T02:59:46","date_gmt":"2026-02-09T02:59:46","guid":{"rendered":"https:\/\/ornoircanada.com\/?page_id=131"},"modified":"2026-02-09T03:01:14","modified_gmt":"2026-02-09T03:01:14","slug":"mission-vision-valeur","status":"publish","type":"page","link":"https:\/\/ornoircanada.com\/?page_id=131","title":{"rendered":"Mission-Vision-Valeur"},"content":{"rendered":"<p><img loading=\"lazy\" decoding=\"async\" class=\"alignnone size-full wp-image-135\" src=\"https:\/\/ornoircanada.com\/wp-content\/uploads\/2026\/02\/1500x500.jpg\" alt=\"\" width=\"1500\" height=\"500\" srcset=\"https:\/\/ornoircanada.com\/wp-content\/uploads\/2026\/02\/1500x500.jpg 1500w, https:\/\/ornoircanada.com\/wp-content\/uploads\/2026\/02\/1500x500-300x100.jpg 300w, https:\/\/ornoircanada.com\/wp-content\/uploads\/2026\/02\/1500x500-1024x341.jpg 1024w, https:\/\/ornoircanada.com\/wp-content\/uploads\/2026\/02\/1500x500-768x256.jpg 768w\" sizes=\"auto, (max-width: 1500px) 100vw, 1500px\" \/><\/p>\n<p><strong>Mission<\/strong><\/p>\n<p>Notre mission est de transformer le cacao en produits de haute qualit\u00e9, \u00e9thiques, bio et durables, en cr\u00e9ant de la valeur d\u2019une part, pour les communaut\u00e9s productrices, et d\u2019autres part, des produits de qualit\u00e9 pour l\u2019industrie cosm\u00e9tique et alimentaire Canadien, tout en offrant une exp\u00e9rience gustative exceptionnelle \u00e0 nos divers clients qui en demandent.<br \/>\nNotre mission est d&rsquo;innover dans l&rsquo;industrie de la transformation du cacao en favorisant des partenariats durables avec les exploitants agricoles, garantissant ainsi la qualit\u00e9 bio, la tra\u00e7abilit\u00e9 et la durabilit\u00e9 de chaque produit que nous proposons. Nous nous effor\u00e7ons d&rsquo;inspirer un mode de vie plus sain et de soutenir la responsabilit\u00e9 sociale tout en garantissant une satisfaction client exceptionnelle.<br \/>\nNous nous engageons \u00e0 :<\/p>\n<p>\u2022 Fournir des produits de cacao et de chocolat premium, d&rsquo;origine \u00e9thique, bio et tra\u00e7able.<br \/>\n\u2022 Soutenir la formation continue de nos principaux fournisseurs (producteurs) \u00e0 l\u2019acquisition de pratiques responsables, respectueuses de l\u2019environnement.<br \/>\n\u2022 Soutenir le d\u00e9veloppement durable des communaut\u00e9s productrices de cacao tout en priorisant l\u2019achat de f\u00e8ves provenant de producteurs ayant un comportement responsable, respectueux de l\u2019environnement.<br \/>\n\u2022 Offrir des produits de qualit\u00e9 \u00e0 l\u2019industrie cosm\u00e9tique.<br \/>\n\u2022 Innover constamment dans nos processus de transformation pour pr\u00e9server les saveurs uniques du cacao.<br \/>\n\u2022 Offrir \u00e0 nos clients une gamme diversifi\u00e9e de produits \u00e0 base de cacao r\u00e9pondant aux plus hauts standards de qualit\u00e9 et de responsabilit\u00e9 sociale.<\/p>\n<p><strong>Vision<\/strong><\/p>\n<p>Notre vision est de devenir un leader reconnu dans la transformation durable du cacao, en cr\u00e9ant un impact positif tout au long de la cha\u00eene de valeur. Nous aspirons \u00e0 :<\/p>\n<p>\u2022 \u00catre un mod\u00e8le d&rsquo;excellence et d&rsquo;innovation dans l&rsquo;industrie du cacao et du chocolat.<br \/>\n\u2022 Contribuer \u00e0 l&rsquo;\u00e9tablissement d&rsquo;une fili\u00e8re cacao 100% \u00e9quitable, bio et durable.<br \/>\n\u2022 Inspirer et \u00e9duquer les consommateurs sur l&rsquo;importance d&rsquo;un cacao \u00e9thique et de qualit\u00e9.<br \/>\n\u2022 Cr\u00e9er des partenariats durables avec les producteurs de cacao pour am\u00e9liorer leurs conditions de vie et pr\u00e9server l\u2019environnement.<\/p>\n<p><strong>Valeurs<\/strong><\/p>\n<p>Nos valeurs fondamentales guident chacune de nos actions et d\u00e9cisions :<\/p>\n<p>\u2022 Excellence : Nous nous engageons \u00e0 maintenir les plus hauts standards de qualit\u00e9 dans tous nos produits et processus.<br \/>\n\u2022 Int\u00e9grit\u00e9 : Nous agissons avec honn\u00eatet\u00e9, transparence et responsabilit\u00e9 dans toutes nos relations d&rsquo;affaires.<br \/>\n\u2022 Durabilit\u00e9 : Nous nous effor\u00e7ons de minimiser notre impact environnemental et de promouvoir des pratiques agricoles durables.<br \/>\n\u2022 Innovation : Nous encourageons la cr\u00e9ativit\u00e9 et l&rsquo;am\u00e9lioration continue dans tous les aspects de notre entreprise.<br \/>\n\u2022 Collaboration : Nous valorisons les partenariats \u00e0 long terme avec nos fournisseurs, clients et employ\u00e9s.<br \/>\n\u2022 Respect : Nous respectons les droits et la dignit\u00e9 de tous les acteurs de notre cha\u00eene de valeur, du producteur au consommateur.<\/p>\n<p>En adh\u00e9rant \u00e0 ces valeurs, nous nous engageons \u00e0 offrir \u00e0 nos clients des produits exceptionnels, tout en contribuant positivement \u00e0 l&rsquo;industrie du cacao et aux communaut\u00e9s que nous servons.<\/p>\n","protected":false},"excerpt":{"rendered":"<p>Mission Notre mission est de transformer le cacao en produits de haute qualit\u00e9, \u00e9thiques, bio et durables, en cr\u00e9ant de la valeur d\u2019une part, pour les communaut\u00e9s productrices, et d\u2019autres part, des produits de qualit\u00e9 pour l\u2019industrie cosm\u00e9tique et alimentaire<\/p>\n<p><a href=\"https:\/\/ornoircanada.com\/?page_id=131\" class=\"awp-btn awp-btn-secondary awp-btn-bubble\">Continue Reading<span class=\"screen-reader-text\">Mission-Vision-Valeur<\/span><i class=\"fa fa-arrow-right\"><\/i><span class=\"bubble_effect\"><span class=\"circle top-left\"><\/span><span class=\"circle top-left\"><\/span><span class=\"circle top-left\"><\/span>\t<span class=\"button effect-button\"><\/span><span class=\"circle bottom-right\"><\/span>\t<span class=\"circle bottom-right\"><\/span><span class=\"circle bottom-right\"><\/span><\/span><\/a><\/p>\n","protected":false},"author":1,"featured_media":0,"parent":0,"menu_order":0,"comment_status":"closed","ping_status":"closed","template":"","meta":{"footnotes":""},"class_list":["post-131","page","type-page","status-publish","hentry"],"_links":{"self":[{"href":"https:\/\/ornoircanada.com\/index.php?rest_route=\/wp\/v2\/pages\/131","targetHints":{"allow":["GET"]}}],"collection":[{"href":"https:\/\/ornoircanada.com\/index.php?rest_route=\/wp\/v2\/pages"}],"about":[{"href":"https:\/\/ornoircanada.com\/index.php?rest_route=\/wp\/v2\/types\/page"}],"author":[{"embeddable":true,"href":"https:\/\/ornoircanada.com\/index.php?rest_route=\/wp\/v2\/users\/1"}],"replies":[{"embeddable":true,"href":"https:\/\/ornoircanada.com\/index.php?rest_route=%2Fwp%2Fv2%2Fcomments&post=131"}],"version-history":[{"count":3,"href":"https:\/\/ornoircanada.com\/index.php?rest_route=\/wp\/v2\/pages\/131\/revisions"}],"predecessor-version":[{"id":136,"href":"https:\/\/ornoircanada.com\/index.php?rest_route=\/wp\/v2\/pages\/131\/revisions\/136"}],"wp:attachment":[{"href":"https:\/\/ornoircanada.com\/index.php?rest_route=%2Fwp%2Fv2%2Fmedia&parent=131"}],"curies":[{"name":"wp","href":"https:\/\/api.w.org\/{rel}","templated":true}]}}